{"id":1571,"date":"2020-12-08T11:24:07","date_gmt":"2020-12-08T11:24:07","guid":{"rendered":"https:\/\/wordpress-486734-1630132.cloudwaysapps.com\/?page_id=1571"},"modified":"2025-07-09T02:21:49","modified_gmt":"2025-07-09T02:21:49","slug":"pricing","status":"publish","type":"page","link":"https:\/\/agenciaaduanalnmc.com.mx\/index.php\/pricing\/","title":{"rendered":"Nosotros"},"content":{"rendered":"<style>.kb-row-layout-id1571_162731-d5 > .kt-row-column-wrap{align-content:start;}:where(.kb-row-layout-id1571_162731-d5 > .kt-row-column-wrap) > .wp-block-kadence-column{justify-content:start;}.kb-row-layout-id1571_162731-d5 > .kt-row-column-wrap{column-gap:var(--global-kb-gap-sm, 1rem);row-gap:var(--global-kb-gap-md, 2rem);max-width:var( --global-content-width, 1290px );padding-left:var(--global-content-edge-padding);padding-right:var(--global-content-edge-padding);padding-top:100px;padding-bottom:100px;grid-template-columns:minmax(0, 1fr);}.kb-row-layout-id1571_162731-d5{background-image:url('https:\/\/agenciaaduanalnmc.com.mx\/wp-content\/uploads\/2025\/07\/vista-aerea-del-buque-de-carga-y-del-contenedor-de-carga-en-el-puerto-scaled.jpg');background-size:cover;background-position:53% 51%;background-attachment:scroll;background-repeat:no-repeat;}.kb-row-layout-id1571_162731-d5 > .kt-row-layout-overlay{opacity:0.59;background-color:var(--global-palette9, #ffffff);}@media all and (max-width: 1024px){.kb-row-layout-id1571_162731-d5 > .kt-row-column-wrap{grid-template-columns:minmax(0, 1fr);}}@media all and (max-width: 767px){.kb-row-layout-id1571_162731-d5 > .kt-row-column-wrap{grid-template-columns:minmax(0, 1fr);}}<\/style><div class=\"kb-row-layout-wrap kb-row-layout-id1571_162731-d5 alignfull kt-row-has-bg wp-block-kadence-rowlayout\"><div class=\"kt-row-layout-overlay kt-row-overlay-normal\"><\/div><div class=\"kt-row-column-wrap kt-has-1-columns kt-row-layout-equal kt-tab-layout-inherit kt-mobile-layout-row kt-row-valign-top kb-theme-content-width\">\n<style>.kadence-column1571_7c83b5-a2 > .kt-inside-inner-col,.kadence-column1571_7c83b5-a2 > .kt-inside-inner-col:before{border-top-left-radius:0px;border-top-right-radius:0px;border-bottom-right-radius:0px;border-bottom-left-radius:0px;}.kadence-column1571_7c83b5-a2 > .kt-inside-inner-col{column-gap:var(--global-kb-gap-sm, 1rem);}.kadence-column1571_7c83b5-a2 > .kt-inside-inner-col{flex-direction:column;}.kadence-column1571_7c83b5-a2 > .kt-inside-inner-col > .aligncenter{width:100%;}.kadence-column1571_7c83b5-a2 > .kt-inside-inner-col:before{opacity:0.3;}.kadence-column1571_7c83b5-a2{position:relative;}@media all and (max-width: 1024px){.kadence-column1571_7c83b5-a2 > .kt-inside-inner-col{flex-direction:column;justify-content:center;}}@media all and (max-width: 767px){.kadence-column1571_7c83b5-a2 > .kt-inside-inner-col{padding-top:0px;padding-right:0px;padding-bottom:0px;padding-left:0px;flex-direction:column;justify-content:center;}.kadence-column1571_7c83b5-a2, .kt-inside-inner-col > .kadence-column1571_7c83b5-a2:not(.specificity){margin-top:0px;margin-right:0px;margin-bottom:0px;margin-left:0px;}}<\/style>\n<div class=\"wp-block-kadence-column kadence-column1571_7c83b5-a2 inner-column-2\"><div class=\"kt-inside-inner-col\"><style>.wp-block-kadence-advancedheading.kt-adv-heading1571_2a3c0b-7c, .wp-block-kadence-advancedheading.kt-adv-heading1571_2a3c0b-7c[data-kb-block=\"kb-adv-heading1571_2a3c0b-7c\"]{margin-top:var(--global-kb-spacing-sm, 1.5rem);margin-bottom:var(--global-kb-spacing-sm, 1.5rem);text-align:center;font-size:var(--global-kb-font-size-lg, 2rem);line-height:1.1em;font-style:normal;text-transform:capitalize;}.wp-block-kadence-advancedheading.kt-adv-heading1571_2a3c0b-7c mark.kt-highlight, .wp-block-kadence-advancedheading.kt-adv-heading1571_2a3c0b-7c[data-kb-block=\"kb-adv-heading1571_2a3c0b-7c\"] mark.kt-highlight{font-style:normal;color:#f76a0c;-webkit-box-decoration-break:clone;box-decoration-break:clone;padding-top:0px;padding-right:0px;padding-bottom:0px;padding-left:0px;}@media all and (max-width: 1024px){.wp-block-kadence-advancedheading.kt-adv-heading1571_2a3c0b-7c, .wp-block-kadence-advancedheading.kt-adv-heading1571_2a3c0b-7c[data-kb-block=\"kb-adv-heading1571_2a3c0b-7c\"]{padding-top:0px;padding-right:0px;padding-bottom:0px;padding-left:0px;font-size:60px;line-height:1em;text-align:left!important;}}@media all and (max-width: 767px){.wp-block-kadence-advancedheading.kt-adv-heading1571_2a3c0b-7c, .wp-block-kadence-advancedheading.kt-adv-heading1571_2a3c0b-7c[data-kb-block=\"kb-adv-heading1571_2a3c0b-7c\"]{font-size:var(--global-kb-font-size-xl, 3rem);line-height:1.2em;text-align:left!important;}}<\/style>\n<h2 class=\"kt-adv-heading1571_2a3c0b-7c wp-block-kadence-advancedheading has-theme-palette-3-color has-text-color\" data-kb-block=\"kb-adv-heading1571_2a3c0b-7c\"><strong>N\u00e1jera Montiel Consultores: Tu \u00c9xito es Nuestra Misi\u00f3n<\/strong><\/h2>\n\n\n<style>.wp-block-kadence-advancedheading.kt-adv-heading1571_5a278b-ac, .wp-block-kadence-advancedheading.kt-adv-heading1571_5a278b-ac[data-kb-block=\"kb-adv-heading1571_5a278b-ac\"]{text-align:center;font-size:var(--global-kb-font-size-md, 1.25rem);font-style:normal;}.wp-block-kadence-advancedheading.kt-adv-heading1571_5a278b-ac mark.kt-highlight, .wp-block-kadence-advancedheading.kt-adv-heading1571_5a278b-ac[data-kb-block=\"kb-adv-heading1571_5a278b-ac\"] mark.kt-highlight{font-style:normal;color:#f76a0c;-webkit-box-decoration-break:clone;box-decoration-break:clone;padding-top:0px;padding-right:0px;padding-bottom:0px;padding-left:0px;}<\/style>\n<p class=\"kt-adv-heading1571_5a278b-ac wp-block-kadence-advancedheading has-theme-palette-3-color has-text-color\" data-kb-block=\"kb-adv-heading1571_5a278b-ac\">Descubre en N\u00e1jera Montiel a tu aliado estrat\u00e9gico. Nos comprometemos con la <strong>calidad, la estrategia y el profesionalismo<\/strong> en cada uno de tus tr\u00e1mites, asegurando que tus operaciones de comercio exterior no solo se cumplan, sino que superen tus expectativas.<\/p>\n\n\n\n<p class=\"has-text-align-center\"><\/p>\n<\/div><\/div>\n\n<\/div><\/div>\n\n<style>.kb-row-layout-wrap.wp-block-kadence-rowlayout.kb-row-layout-id1571_af6649-ec{margin-top:60px;margin-bottom:90px;}.kb-row-layout-id1571_af6649-ec > .kt-row-column-wrap{align-content:start;}:where(.kb-row-layout-id1571_af6649-ec > .kt-row-column-wrap) > .wp-block-kadence-column{justify-content:start;}.kb-row-layout-id1571_af6649-ec > .kt-row-column-wrap{column-gap:var(--global-kb-gap-md, 2rem);row-gap:var(--global-kb-gap-md, 2rem);max-width:1140px;margin-left:auto;margin-right:auto;padding-top:var(--global-kb-spacing-sm, 1.5rem);padding-bottom:var(--global-kb-spacing-sm, 1.5rem);grid-template-columns:minmax(0, 1fr);}.kb-row-layout-id1571_af6649-ec > .kt-row-layout-overlay{opacity:0.30;}@media all and (max-width: 1024px){.kb-row-layout-id1571_af6649-ec > .kt-row-column-wrap{padding-right:30px;padding-left:30px;grid-template-columns:minmax(0, 1fr);}}@media all and (max-width: 767px){.kb-row-layout-id1571_af6649-ec > .kt-row-column-wrap{padding-right:0px;padding-left:0px;grid-template-columns:minmax(0, 1fr);}}<\/style><div class=\"kb-row-layout-wrap kb-row-layout-id1571_af6649-ec alignnone wp-block-kadence-rowlayout\"><div class=\"kt-row-column-wrap kt-has-1-columns kt-row-layout-equal kt-tab-layout-inherit kt-mobile-layout-row kt-row-valign-top\">\n<style>.kadence-column1571_0be49b-d9 > .kt-inside-inner-col,.kadence-column1571_0be49b-d9 > .kt-inside-inner-col:before{border-top-left-radius:0px;border-top-right-radius:0px;border-bottom-right-radius:0px;border-bottom-left-radius:0px;}.kadence-column1571_0be49b-d9 > .kt-inside-inner-col{column-gap:var(--global-kb-gap-sm, 1rem);}.kadence-column1571_0be49b-d9 > .kt-inside-inner-col{flex-direction:column;}.kadence-column1571_0be49b-d9 > .kt-inside-inner-col > .aligncenter{width:100%;}.kadence-column1571_0be49b-d9 > .kt-inside-inner-col:before{opacity:0.3;}.kadence-column1571_0be49b-d9{position:relative;}@media all and (max-width: 1024px){.kadence-column1571_0be49b-d9 > .kt-inside-inner-col{flex-direction:column;justify-content:center;}}@media all and (max-width: 767px){.kadence-column1571_0be49b-d9 > .kt-inside-inner-col{flex-direction:column;justify-content:center;}}<\/style>\n<div class=\"wp-block-kadence-column kadence-column1571_0be49b-d9\"><div class=\"kt-inside-inner-col\"><style>.kb-row-layout-id1571_8a60aa-8d > .kt-row-column-wrap{align-content:center;}:where(.kb-row-layout-id1571_8a60aa-8d > .kt-row-column-wrap) > .wp-block-kadence-column{justify-content:center;}.kb-row-layout-id1571_8a60aa-8d > .kt-row-column-wrap{column-gap:var(--global-kb-gap-md, 2rem);row-gap:var(--global-kb-gap-md, 2rem);max-width:var( --global-content-width, 1290px );padding-left:var(--global-content-edge-padding);padding-right:var(--global-content-edge-padding);padding-top:var(--global-kb-spacing-lg, 3rem);padding-bottom:var(--global-kb-spacing-lg, 3rem);grid-template-columns:repeat(2, minmax(0, 1fr));}.kb-row-layout-id1571_8a60aa-8d > .kt-row-layout-overlay{opacity:0.30;}@media all and (max-width: 1024px){.kb-row-layout-id1571_8a60aa-8d > .kt-row-column-wrap{grid-template-columns:repeat(2, minmax(0, 1fr));}}@media all and (max-width: 767px){.kb-row-layout-id1571_8a60aa-8d > .kt-row-column-wrap{grid-template-columns:minmax(0, 1fr);}}<\/style><div class=\"kb-row-layout-wrap kb-row-layout-id1571_8a60aa-8d alignfull has-theme-palette8-background-color kt-row-has-bg wp-block-kadence-rowlayout\"><div class=\"kt-row-column-wrap kt-has-2-columns kt-row-layout-equal kt-tab-layout-inherit kt-mobile-layout-row kt-row-valign-middle kt-inner-column-height-full kb-theme-content-width\">\n<style>.kadence-column1571_fc60b1-38 > .kt-inside-inner-col,.kadence-column1571_fc60b1-38 > .kt-inside-inner-col:before{border-top-left-radius:0px;border-top-right-radius:0px;border-bottom-right-radius:0px;border-bottom-left-radius:0px;}.kadence-column1571_fc60b1-38 > .kt-inside-inner-col{column-gap:var(--global-kb-gap-sm, 1rem);}.kadence-column1571_fc60b1-38 > .kt-inside-inner-col{flex-direction:column;}.kadence-column1571_fc60b1-38 > .kt-inside-inner-col > .aligncenter{width:100%;}.kadence-column1571_fc60b1-38 > .kt-inside-inner-col:before{opacity:0.3;}.kadence-column1571_fc60b1-38{position:relative;}@media all and (max-width: 1024px){.kadence-column1571_fc60b1-38 > .kt-inside-inner-col{flex-direction:column;justify-content:center;}}@media all and (max-width: 767px){.kadence-column1571_fc60b1-38 > .kt-inside-inner-col{flex-direction:column;justify-content:center;}}<\/style>\n<div class=\"wp-block-kadence-column kadence-column1571_fc60b1-38\"><div class=\"kt-inside-inner-col\"><style>.kb-image1571_1ed663-d2 .kb-image-has-overlay:after{opacity:0.3;}.kb-image1571_1ed663-d2 img.kb-img, .kb-image1571_1ed663-d2 .kb-img img{object-position:52% 10%;}<\/style>\n<figure class=\"wp-block-kadence-image kb-image1571_1ed663-d2 kb-filter-grayscale kb-image-is-ratio-size\"><div class=\"kb-is-ratio-image kb-image-ratio-land43\"><img loading=\"lazy\" decoding=\"async\" width=\"2560\" height=\"2560\" src=\"https:\/\/agenciaaduanalnmc.com.mx\/wp-content\/uploads\/2025\/07\/jovenes-colegas-trabajando-juntos-en-la-cafeteria-scaled.jpg\" alt=\"\" class=\"kb-img wp-image-1962\" srcset=\"https:\/\/agenciaaduanalnmc.com.mx\/wp-content\/uploads\/2025\/07\/jovenes-colegas-trabajando-juntos-en-la-cafeteria-scaled.jpg 2560w, https:\/\/agenciaaduanalnmc.com.mx\/wp-content\/uploads\/2025\/07\/jovenes-colegas-trabajando-juntos-en-la-cafeteria-300x300.jpg 300w, https:\/\/agenciaaduanalnmc.com.mx\/wp-content\/uploads\/2025\/07\/jovenes-colegas-trabajando-juntos-en-la-cafeteria-1024x1024.jpg 1024w, https:\/\/agenciaaduanalnmc.com.mx\/wp-content\/uploads\/2025\/07\/jovenes-colegas-trabajando-juntos-en-la-cafeteria-150x150.jpg 150w, https:\/\/agenciaaduanalnmc.com.mx\/wp-content\/uploads\/2025\/07\/jovenes-colegas-trabajando-juntos-en-la-cafeteria-768x768.jpg 768w, https:\/\/agenciaaduanalnmc.com.mx\/wp-content\/uploads\/2025\/07\/jovenes-colegas-trabajando-juntos-en-la-cafeteria-1536x1536.jpg 1536w\" sizes=\"auto, (max-width: 2560px) 100vw, 2560px\" \/><\/div><\/figure>\n<\/div><\/div>\n\n\n<style>.kadence-column1571_382ffe-75 > .kt-inside-inner-col{display:flex;}.kadence-column1571_382ffe-75 > .kt-inside-inner-col{padding-top:var(--global-kb-spacing-md, 2rem);padding-right:var(--global-kb-spacing-md, 2rem);padding-bottom:var(--global-kb-spacing-md, 2rem);padding-left:var(--global-kb-spacing-md, 2rem);}.kadence-column1571_382ffe-75 > .kt-inside-inner-col,.kadence-column1571_382ffe-75 > .kt-inside-inner-col:before{border-top-left-radius:0px;border-top-right-radius:0px;border-bottom-right-radius:0px;border-bottom-left-radius:0px;}.kadence-column1571_382ffe-75 > .kt-inside-inner-col{column-gap:var(--global-kb-gap-sm, 1rem);}.kadence-column1571_382ffe-75 > .kt-inside-inner-col{flex-direction:column;justify-content:center;}.kadence-column1571_382ffe-75 > .kt-inside-inner-col > .aligncenter{width:100%;}.kt-row-column-wrap > .kadence-column1571_382ffe-75{align-self:center;}.kt-inner-column-height-full:not(.kt-has-1-columns) > .wp-block-kadence-column.kadence-column1571_382ffe-75{align-self:auto;}.kt-inner-column-height-full:not(.kt-has-1-columns) > .wp-block-kadence-column.kadence-column1571_382ffe-75 > .kt-inside-inner-col{flex-direction:column;justify-content:center;}.kadence-column1571_382ffe-75 > .kt-inside-inner-col:before{opacity:0.6;background-color:var(--global-palette9, #ffffff);}.kadence-column1571_382ffe-75{position:relative;}@media all and (max-width: 1024px){.kt-row-column-wrap > .kadence-column1571_382ffe-75{align-self:center;}}@media all and (max-width: 1024px){.kt-inner-column-height-full:not(.kt-has-1-columns) > .wp-block-kadence-column.kadence-column1571_382ffe-75{align-self:auto;}}@media all and (max-width: 1024px){.kt-inner-column-height-full:not(.kt-has-1-columns) > .wp-block-kadence-column.kadence-column1571_382ffe-75 > .kt-inside-inner-col{flex-direction:column;justify-content:center;}}@media all and (max-width: 1024px){.kadence-column1571_382ffe-75 > .kt-inside-inner-col{flex-direction:column;justify-content:center;}}@media all and (max-width: 767px){.kt-row-column-wrap > .kadence-column1571_382ffe-75{align-self:center;}.kt-inner-column-height-full:not(.kt-has-1-columns) > .wp-block-kadence-column.kadence-column1571_382ffe-75{align-self:auto;}.kt-inner-column-height-full:not(.kt-has-1-columns) > .wp-block-kadence-column.kadence-column1571_382ffe-75 > .kt-inside-inner-col{flex-direction:column;justify-content:center;}.kadence-column1571_382ffe-75 > .kt-inside-inner-col{flex-direction:column;justify-content:center;}}<\/style>\n<div class=\"wp-block-kadence-column kadence-column1571_382ffe-75 kb-section-has-overlay\"><div class=\"kt-inside-inner-col\"><style>.wp-block-kadence-advancedheading.kt-adv-heading1571_c70713-64, .wp-block-kadence-advancedheading.kt-adv-heading1571_c70713-64[data-kb-block=\"kb-adv-heading1571_c70713-64\"]{text-align:center;font-style:normal;text-transform:uppercase;}.wp-block-kadence-advancedheading.kt-adv-heading1571_c70713-64 mark.kt-highlight, .wp-block-kadence-advancedheading.kt-adv-heading1571_c70713-64[data-kb-block=\"kb-adv-heading1571_c70713-64\"] mark.kt-highlight{font-style:normal;color:#f76a0c;-webkit-box-decoration-break:clone;box-decoration-break:clone;padding-top:0px;padding-right:0px;padding-bottom:0px;padding-left:0px;}<\/style>\n<h2 class=\"kt-adv-heading1571_c70713-64 wp-block-kadence-advancedheading\" data-kb-block=\"kb-adv-heading1571_c70713-64\">Nuestra Misi\u00f3n<\/h2>\n\n\n\n<p>En N\u00e1jera Montiel Consultores Aduanales S.C., nuestra misi\u00f3n es ser el socio estrat\u00e9gico que brinda seguridad y tranquilidad a nuestros clientes, gestionando integralmente su despacho aduanero y ofreciendo asesoramiento en comercio exterior y log\u00edstica.&#8221;<\/p>\n\n\n\n<p>Para cumplir nuestra misi\u00f3n, nos enfocamos en la integraci\u00f3n de servicios de comercio exterior. Esto contempla una asesor\u00eda profesional continua, la gesti\u00f3n eficiente del despacho de mercanc\u00edas, y una coordinaci\u00f3n estrat\u00e9gica con diversas organizaciones. Con este enfoque integral, dise\u00f1amos y brindamos servicios que <br>aportan valor tangible a las cadenas de suministro de nuestros clientes.<\/p>\n<\/div><\/div>\n\n<\/div><\/div><\/div><\/div>\n\n<\/div><\/div>\n\n<style>.kb-row-layout-wrap.wp-block-kadence-rowlayout.kb-row-layout-id1571_92b2c1-76{margin-top:60px;margin-bottom:90px;}.kb-row-layout-id1571_92b2c1-76 > .kt-row-column-wrap{align-content:start;}:where(.kb-row-layout-id1571_92b2c1-76 > .kt-row-column-wrap) > .wp-block-kadence-column{justify-content:start;}.kb-row-layout-id1571_92b2c1-76 > .kt-row-column-wrap{column-gap:var(--global-kb-gap-md, 2rem);row-gap:var(--global-kb-gap-md, 2rem);max-width:1140px;margin-left:auto;margin-right:auto;padding-top:var(--global-kb-spacing-sm, 1.5rem);padding-bottom:var(--global-kb-spacing-sm, 1.5rem);grid-template-columns:minmax(0, 1fr);}.kb-row-layout-id1571_92b2c1-76 > .kt-row-layout-overlay{opacity:0.30;}@media all and (max-width: 1024px){.kb-row-layout-id1571_92b2c1-76 > .kt-row-column-wrap{padding-right:30px;padding-left:30px;grid-template-columns:minmax(0, 1fr);}}@media all and (max-width: 767px){.kb-row-layout-id1571_92b2c1-76 > .kt-row-column-wrap{padding-right:0px;padding-left:0px;grid-template-columns:minmax(0, 1fr);}}<\/style><div class=\"kb-row-layout-wrap kb-row-layout-id1571_92b2c1-76 alignnone wp-block-kadence-rowlayout\"><div class=\"kt-row-column-wrap kt-has-1-columns kt-row-layout-equal kt-tab-layout-inherit kt-mobile-layout-row kt-row-valign-top\">\n<style>.kadence-column1571_dc29a9-a7 > .kt-inside-inner-col,.kadence-column1571_dc29a9-a7 > .kt-inside-inner-col:before{border-top-left-radius:0px;border-top-right-radius:0px;border-bottom-right-radius:0px;border-bottom-left-radius:0px;}.kadence-column1571_dc29a9-a7 > .kt-inside-inner-col{column-gap:var(--global-kb-gap-sm, 1rem);}.kadence-column1571_dc29a9-a7 > .kt-inside-inner-col{flex-direction:column;}.kadence-column1571_dc29a9-a7 > .kt-inside-inner-col > .aligncenter{width:100%;}.kadence-column1571_dc29a9-a7 > .kt-inside-inner-col:before{opacity:0.3;}.kadence-column1571_dc29a9-a7{position:relative;}@media all and (max-width: 1024px){.kadence-column1571_dc29a9-a7 > .kt-inside-inner-col{flex-direction:column;justify-content:center;}}@media all and (max-width: 767px){.kadence-column1571_dc29a9-a7 > .kt-inside-inner-col{flex-direction:column;justify-content:center;}}<\/style>\n<div class=\"wp-block-kadence-column kadence-column1571_dc29a9-a7\"><div class=\"kt-inside-inner-col\"><style>.kb-row-layout-id1571_6d9536-01 > .kt-row-column-wrap{align-content:center;}:where(.kb-row-layout-id1571_6d9536-01 > .kt-row-column-wrap) > .wp-block-kadence-column{justify-content:center;}.kb-row-layout-id1571_6d9536-01 > .kt-row-column-wrap{column-gap:var(--global-kb-gap-md, 2rem);row-gap:var(--global-kb-gap-md, 2rem);max-width:var( --global-content-width, 1290px );padding-left:var(--global-content-edge-padding);padding-right:var(--global-content-edge-padding);padding-top:var(--global-kb-spacing-lg, 3rem);padding-bottom:var(--global-kb-spacing-lg, 3rem);grid-template-columns:repeat(2, minmax(0, 1fr));}.kb-row-layout-id1571_6d9536-01 > .kt-row-layout-overlay{opacity:0.30;}@media all and (max-width: 1024px){.kb-row-layout-id1571_6d9536-01 > .kt-row-column-wrap{grid-template-columns:repeat(2, minmax(0, 1fr));}}@media all and (max-width: 767px){.kb-row-layout-id1571_6d9536-01 > .kt-row-column-wrap{grid-template-columns:minmax(0, 1fr);}}<\/style><div class=\"kb-row-layout-wrap kb-row-layout-id1571_6d9536-01 alignfull has-theme-palette8-background-color kt-row-has-bg wp-block-kadence-rowlayout\"><div class=\"kt-row-column-wrap kt-has-2-columns kt-row-layout-equal kt-tab-layout-inherit kt-mobile-layout-row kt-row-valign-middle kt-inner-column-height-full kb-theme-content-width\">\n<style>.kadence-column1571_60a426-4a > .kt-inside-inner-col{display:flex;}.kadence-column1571_60a426-4a > .kt-inside-inner-col{padding-top:var(--global-kb-spacing-md, 2rem);padding-right:var(--global-kb-spacing-md, 2rem);padding-bottom:var(--global-kb-spacing-md, 2rem);padding-left:var(--global-kb-spacing-md, 2rem);}.kadence-column1571_60a426-4a > .kt-inside-inner-col,.kadence-column1571_60a426-4a > .kt-inside-inner-col:before{border-top-left-radius:0px;border-top-right-radius:0px;border-bottom-right-radius:0px;border-bottom-left-radius:0px;}.kadence-column1571_60a426-4a > .kt-inside-inner-col{column-gap:var(--global-kb-gap-sm, 1rem);}.kadence-column1571_60a426-4a > .kt-inside-inner-col{flex-direction:column;justify-content:center;}.kadence-column1571_60a426-4a > .kt-inside-inner-col > .aligncenter{width:100%;}.kt-row-column-wrap > .kadence-column1571_60a426-4a{align-self:center;}.kt-inner-column-height-full:not(.kt-has-1-columns) > .wp-block-kadence-column.kadence-column1571_60a426-4a{align-self:auto;}.kt-inner-column-height-full:not(.kt-has-1-columns) > .wp-block-kadence-column.kadence-column1571_60a426-4a > .kt-inside-inner-col{flex-direction:column;justify-content:center;}.kadence-column1571_60a426-4a > .kt-inside-inner-col:before{opacity:0.6;background-color:var(--global-palette9, #ffffff);}.kadence-column1571_60a426-4a{position:relative;}@media all and (max-width: 1024px){.kt-row-column-wrap > .kadence-column1571_60a426-4a{align-self:center;}}@media all and (max-width: 1024px){.kt-inner-column-height-full:not(.kt-has-1-columns) > .wp-block-kadence-column.kadence-column1571_60a426-4a{align-self:auto;}}@media all and (max-width: 1024px){.kt-inner-column-height-full:not(.kt-has-1-columns) > .wp-block-kadence-column.kadence-column1571_60a426-4a > .kt-inside-inner-col{flex-direction:column;justify-content:center;}}@media all and (max-width: 1024px){.kadence-column1571_60a426-4a > .kt-inside-inner-col{flex-direction:column;justify-content:center;}}@media all and (max-width: 767px){.kt-row-column-wrap > .kadence-column1571_60a426-4a{align-self:center;}.kt-inner-column-height-full:not(.kt-has-1-columns) > .wp-block-kadence-column.kadence-column1571_60a426-4a{align-self:auto;}.kt-inner-column-height-full:not(.kt-has-1-columns) > .wp-block-kadence-column.kadence-column1571_60a426-4a > .kt-inside-inner-col{flex-direction:column;justify-content:center;}.kadence-column1571_60a426-4a > .kt-inside-inner-col{flex-direction:column;justify-content:center;}}<\/style>\n<div class=\"wp-block-kadence-column kadence-column1571_60a426-4a kb-section-has-overlay\"><div class=\"kt-inside-inner-col\"><style>.wp-block-kadence-advancedheading.kt-adv-heading1571_3359e1-68, .wp-block-kadence-advancedheading.kt-adv-heading1571_3359e1-68[data-kb-block=\"kb-adv-heading1571_3359e1-68\"]{text-align:center;font-style:normal;text-transform:uppercase;}.wp-block-kadence-advancedheading.kt-adv-heading1571_3359e1-68 mark.kt-highlight, .wp-block-kadence-advancedheading.kt-adv-heading1571_3359e1-68[data-kb-block=\"kb-adv-heading1571_3359e1-68\"] mark.kt-highlight{font-style:normal;color:#f76a0c;-webkit-box-decoration-break:clone;box-decoration-break:clone;padding-top:0px;padding-right:0px;padding-bottom:0px;padding-left:0px;}<\/style>\n<h2 class=\"kt-adv-heading1571_3359e1-68 wp-block-kadence-advancedheading\" data-kb-block=\"kb-adv-heading1571_3359e1-68\">Nuestra visi\u00f3n<\/h2>\n\n\n\n<p><br>Ser la Agencia Aduanal l\u00edder, comprometida con la transformaci\u00f3n del comercio exterior. Con honestidad y precisi\u00f3n como pilares, ofreciendo soluciones innovadoras impulsadas por tecnolog\u00eda avanzada para construir confianza inquebrantable e impulsar el crecimiento sostenido de nuestros clientes y el propio.<\/p>\n<\/div><\/div>\n\n\n<style>.kadence-column1571_4fe2ad-6a > .kt-inside-inner-col,.kadence-column1571_4fe2ad-6a > .kt-inside-inner-col:before{border-top-left-radius:0px;border-top-right-radius:0px;border-bottom-right-radius:0px;border-bottom-left-radius:0px;}.kadence-column1571_4fe2ad-6a > .kt-inside-inner-col{column-gap:var(--global-kb-gap-sm, 1rem);}.kadence-column1571_4fe2ad-6a > .kt-inside-inner-col{flex-direction:column;}.kadence-column1571_4fe2ad-6a > .kt-inside-inner-col > .aligncenter{width:100%;}.kadence-column1571_4fe2ad-6a > .kt-inside-inner-col:before{opacity:0.3;}.kadence-column1571_4fe2ad-6a{position:relative;}@media all and (max-width: 1024px){.kadence-column1571_4fe2ad-6a > .kt-inside-inner-col{flex-direction:column;justify-content:center;}}@media all and (max-width: 767px){.kadence-column1571_4fe2ad-6a > .kt-inside-inner-col{flex-direction:column;justify-content:center;}}<\/style>\n<div class=\"wp-block-kadence-column kadence-column1571_4fe2ad-6a\"><div class=\"kt-inside-inner-col\"><style>.kb-image1571_d9ea2d-57 .kb-image-has-overlay:after{opacity:0.3;}<\/style>\n<figure class=\"wp-block-kadence-image kb-image1571_d9ea2d-57 kb-filter-grayscale kb-image-is-ratio-size\"><div class=\"kb-is-ratio-image kb-image-ratio-land43\"><img loading=\"lazy\" decoding=\"async\" width=\"934\" height=\"623\" src=\"https:\/\/agenciaaduanalnmc.com.mx\/wp-content\/uploads\/2025\/06\/agente-aduanal.jpg\" alt=\"\" class=\"kb-img wp-image-1898\" srcset=\"https:\/\/agenciaaduanalnmc.com.mx\/wp-content\/uploads\/2025\/06\/agente-aduanal.jpg 934w, https:\/\/agenciaaduanalnmc.com.mx\/wp-content\/uploads\/2025\/06\/agente-aduanal-300x200.jpg 300w, https:\/\/agenciaaduanalnmc.com.mx\/wp-content\/uploads\/2025\/06\/agente-aduanal-768x512.jpg 768w\" sizes=\"auto, (max-width: 934px) 100vw, 934px\" \/><\/div><\/figure>\n<\/div><\/div>\n\n<\/div><\/div><\/div><\/div>\n\n<\/div><\/div>\n\n\n<p><\/p>\n","protected":false},"excerpt":{"rendered":"<p>N\u00e1jera Montiel Consultores: Tu \u00c9xito es Nuestra Misi\u00f3n Descubre en N\u00e1jera Montiel a tu aliado estrat\u00e9gico. Nos comprometemos con la calidad, la estrategia y el profesionalismo en cada uno de tus tr\u00e1mites, asegurando que tus operaciones de comercio exterior no solo se cumplan, sino que superen tus expectativas. Nuestra Misi\u00f3n En N\u00e1jera Montiel Consultores Aduanales&#8230;<\/p>\n","protected":false},"author":1,"featured_media":1864,"parent":0,"menu_order":0,"comment_status":"closed","ping_status":"closed","template":"","meta":{"_kadence_starter_templates_imported_post":true,"_kad_post_transparent":"","_kad_post_title":"hide","_kad_post_layout":"fullwidth","_kad_post_sidebar_id":"","_kad_post_content_style":"unboxed","_kad_post_vertical_padding":"hide","_kad_post_feature":"hide","_kad_post_feature_position":"","_kad_post_header":false,"_kad_post_footer":false,"_joinchat":[],"footnotes":""},"class_list":["post-1571","page","type-page","status-publish","has-post-thumbnail","hentry"],"_links":{"self":[{"href":"https:\/\/agenciaaduanalnmc.com.mx\/index.php\/wp-json\/wp\/v2\/pages\/1571","targetHints":{"allow":["GET"]}}],"collection":[{"href":"https:\/\/agenciaaduanalnmc.com.mx\/index.php\/wp-json\/wp\/v2\/pages"}],"about":[{"href":"https:\/\/agenciaaduanalnmc.com.mx\/index.php\/wp-json\/wp\/v2\/types\/page"}],"author":[{"embeddable":true,"href":"https:\/\/agenciaaduanalnmc.com.mx\/index.php\/wp-json\/wp\/v2\/users\/1"}],"replies":[{"embeddable":true,"href":"https:\/\/agenciaaduanalnmc.com.mx\/index.php\/wp-json\/wp\/v2\/comments?post=1571"}],"version-history":[{"count":14,"href":"https:\/\/agenciaaduanalnmc.com.mx\/index.php\/wp-json\/wp\/v2\/pages\/1571\/revisions"}],"predecessor-version":[{"id":2076,"href":"https:\/\/agenciaaduanalnmc.com.mx\/index.php\/wp-json\/wp\/v2\/pages\/1571\/revisions\/2076"}],"wp:featuredmedia":[{"embeddable":true,"href":"https:\/\/agenciaaduanalnmc.com.mx\/index.php\/wp-json\/wp\/v2\/media\/1864"}],"wp:attachment":[{"href":"https:\/\/agenciaaduanalnmc.com.mx\/index.php\/wp-json\/wp\/v2\/media?parent=1571"}],"curies":[{"name":"wp","href":"https:\/\/api.w.org\/{rel}","templated":true}]}}